{"id":1319,"date":"2018-03-04T20:14:59","date_gmt":"2018-03-04T20:14:59","guid":{"rendered":"http:\/\/tobiasohmann.de\/?page_id=1319"},"modified":"2025-12-12T21:41:13","modified_gmt":"2025-12-12T21:41:13","slug":"impressum","status":"publish","type":"page","link":"https:\/\/tobiasohmann.de\/en\/impressum","title":{"rendered":"Impressum"},"content":{"rendered":"<div class=\"vc_row wpb_row vc_row-fluid\"><div class=\"wpb_column vc_column_container vc_col-sm-12\"><div class=\"vc_column-inner\"><div class=\"wpb_wrapper\">\n\t<div class=\"wpb_text_column wpb_content_element\" >\n\t\t<div class=\"wpb_wrapper\">\n\t\t\t<div id=\"nav_layer\">\n<div class=\"spacer\">\n<p data-start=\"5894\" data-end=\"6031\"><strong data-start=\"5894\" data-end=\"5943\">Verantwortlich f\u00fcr den Inhalt dieser Website:<\/strong><br data-start=\"5943\" data-end=\"5946\" \/><strong data-start=\"5946\" data-end=\"5978\">Tobias Ohmann \/ Team Wildnis<\/strong><br data-start=\"5978\" data-end=\"5981\" \/>Danziger Stra\u00dfe 4<br data-start=\"5995\" data-end=\"5998\" \/>56470 Bad Marienberg<br data-start=\"6015\" data-end=\"6018\" \/>Deutschland<br \/>\nE-Mail: <a class=\"decorated-link cursor-pointer\" rel=\"noopener\" data-start=\"6060\" data-end=\"6083\">mail@tobiasohmann.de<\/a><\/p>\n<p data-start=\"6085\" data-end=\"6227\">Umsatzsteuer-ID: DE320863519<br data-start=\"6155\" data-end=\"6158\" \/>Inhaltlich Verantwortlicher gem\u00e4\u00df \u00a7 55 Abs. 2 RStV: Tobias Ohmann<\/p>\n<\/div>\n<\/div>\n<div id=\"body_layer\">\n<div id=\"id2\" class=\"style_SkipStroke_1 shape-with-text\">\n<div class=\"text-content style_External_796_386\">\n<div class=\"style\">\n<p class=\"paragraph_style\"><strong>Rechtlicher Hinweis:<\/strong><span class=\"style_1\"><br \/>\n<\/span><\/p>\n<p class=\"paragraph_style_1\">Tobias Ohmann aktualisiert und pr\u00fcft die Informationen auf seinen Webseiten st\u00e4ndig. Trotz aller Sorgfalt k\u00f6nnen sich die Daten inzwischen ge\u00e4ndert haben. Eine Haftung oder Garantie f\u00fcr die Richtigkeit, Aktualit\u00e4t und Vollst\u00e4ndigkeit der zur Verf\u00fcgung gestellten Informationen kann daher nicht \u00fcbernommen werden. Gleiches gilt auch f\u00fcr alle anderen Webseiten, auf die mittels Hyperlink verwiesen wird. F\u00fcr den Inhalt der Webseiten, die aufgrund einer solchen Verbindung erreicht werden, bin ich nicht verantwortlich. Falls Sie durch eine Hyperlink auf eine rechtswidrige Seite gelangen sollten, bitte ich Sie mich via Email dar\u00fcber zu informieren. Ich werde nach Kenntnis den Link sofort entfernen. Inhalt und Gestaltung der Internet-Seiten sind urheberrechtlich gesch\u00fctzt.<\/p>\n<p class=\"paragraph_style_1\">Eine Vervielf\u00e4ltigung der Seiten oder ihrer Inhalte bedarf der vorherigen schriftlichen Zustimmung von Tobias Ohmann.<\/p>\n<p class=\"paragraph_style_2\">Alle hier gezeigten Fotos sind urheberrechtlich gesch\u00fctzt. Das Copyright f\u00fcr alle auf der Website pr\u00e4sentierten Bilder liegt bei Tobias Ohmann.<\/p>\n<p class=\"paragraph_style_2\">Das Berichten \u00fcber meine Arbeit und meine Bilder ist erlaubt und erw\u00fcnscht. Kopieren und Weiterverarbeiten in jeglicher juristisch erdenklichen Art und Weise der gezeigten Arbeiten ben\u00f6tigt jedoch die explizite Erlaubnis des Urhebers.<\/p>\n<\/div>\n<\/div>\n<\/div>\n<\/div>\n\n\t\t<\/div>\n\t<\/div>\n<\/div><\/div><\/div><\/div>","protected":false},"excerpt":{"rendered":"<p>Verantwortlich f\u00fcr den Inhalt dieser Website:Tobias Ohmann \/ Team WildnisDanziger Stra\u00dfe 456470 Bad MarienbergDeutschland E-Mail: mail@tobiasohmann.de Umsatzsteuer-ID: DE320863519Inhaltlich Verantwortlicher gem\u00e4\u00df \u00a7 55 Abs. 2 RStV: Tobias Ohmann Rechtlicher Hinweis: Tobias [...]<\/p>","protected":false},"author":1,"featured_media":0,"parent":0,"menu_order":0,"comment_status":"closed","ping_status":"closed","template":"","meta":{"content-type":"","spay_email":"","footnotes":""},"class_list":["post-1319","page","type-page","status-publish","hentry"],"jetpack_sharing_enabled":true,"jetpack_shortlink":"https:\/\/wp.me\/P9Ihiq-lh","jetpack_likes_enabled":true,"_links":{"self":[{"href":"https:\/\/tobiasohmann.de\/en\/wp-json\/wp\/v2\/pages\/1319","targetHints":{"allow":["GET"]}}],"collection":[{"href":"https:\/\/tobiasohmann.de\/en\/wp-json\/wp\/v2\/pages"}],"about":[{"href":"https:\/\/tobiasohmann.de\/en\/wp-json\/wp\/v2\/types\/page"}],"author":[{"embeddable":true,"href":"https:\/\/tobiasohmann.de\/en\/wp-json\/wp\/v2\/users\/1"}],"replies":[{"embeddable":true,"href":"https:\/\/tobiasohmann.de\/en\/wp-json\/wp\/v2\/comments?post=1319"}],"version-history":[{"count":5,"href":"https:\/\/tobiasohmann.de\/en\/wp-json\/wp\/v2\/pages\/1319\/revisions"}],"predecessor-version":[{"id":9595,"href":"https:\/\/tobiasohmann.de\/en\/wp-json\/wp\/v2\/pages\/1319\/revisions\/9595"}],"wp:attachment":[{"href":"https:\/\/tobiasohmann.de\/en\/wp-json\/wp\/v2\/media?parent=1319"}],"curies":[{"name":"wp","href":"https:\/\/api.w.org\/{rel}","templated":true}]}}