{"id":58,"date":"2025-05-08T06:46:23","date_gmt":"2025-05-08T06:46:23","guid":{"rendered":"https:\/\/demo2wpopal.b-cdn.net\/zipli\/?page_id=58"},"modified":"2025-09-23T13:37:17","modified_gmt":"2025-09-23T13:37:17","slug":"das-team","status":"publish","type":"page","link":"https:\/\/tobiasohmann.de\/en\/das-team","title":{"rendered":"Das Team"},"content":{"rendered":"<div data-elementor-type=\"wp-page\" data-elementor-id=\"58\" class=\"elementor elementor-58\">\n\t\t\t\t<div class=\"elementor-element elementor-element-eca3cad e-flex e-con-boxed e-con e-parent\" data-id=\"eca3cad\" data-element_type=\"container\">\n\t\t\t\t\t<div class=\"e-con-inner\">\n\t\t\t\t<div class=\"elementor-element elementor-element-611f7d7 animated-fast elementor-invisible elementor-widget elementor-widget-heading\" data-id=\"611f7d7\" data-element_type=\"widget\" data-settings=\"{&quot;_animation&quot;:&quot;opal-move-up&quot;}\" data-widget_type=\"heading.default\">\n\t\t\t\t<div class=\"elementor-widget-container\">\n\t\t\t\t\t<div class=\"elementor-heading-title elementor-size-default\">Zwei Abenteurer, eine Mission.<\/div>\t\t\t\t<\/div>\n\t\t\t\t<\/div>\n\t\t\t\t<div class=\"elementor-element elementor-element-bf22b15 elementor-widget__width-initial elementor-widget-mobile__width-inherit animated-fast elementor-widget-laptop__width-initial elementor-invisible elementor-widget elementor-widget-heading\" data-id=\"bf22b15\" data-element_type=\"widget\" data-settings=\"{&quot;_animation&quot;:&quot;opal-move-up&quot;}\" data-widget_type=\"heading.default\">\n\t\t\t\t<div class=\"elementor-widget-container\">\n\t\t\t\t\t<h2 class=\"elementor-heading-title elementor-size-default\">Wir sind Team Wildnis<\/h2>\t\t\t\t<\/div>\n\t\t\t\t<\/div>\n\t\t\t\t<div class=\"elementor-element elementor-element-2c49bad elementor-widget__width-initial elementor-widget-mobile__width-inherit animated-fast elementor-invisible elementor-widget elementor-widget-text-editor\" data-id=\"2c49bad\" data-element_type=\"widget\" data-settings=\"{&quot;_animation&quot;:&quot;opal-move-up&quot;}\" data-widget_type=\"text-editor.default\">\n\t\t\t\t<div class=\"elementor-widget-container\">\n\t\t\t\t\t\t\t\t\t<p data-start=\"487\" data-end=\"788\">Team Wildnis \u2013 das sind Tobias Ohmann und Vincent Vinz, zwei Natur- und Outdoor-Enthusiasten, die ihre Leidenschaft zum Beruf gemacht haben. Tobias kennt man aus TV-Formaten wie <em data-start=\"451\" data-end=\"470\">Durch die Wildnis<\/em>auf KiKA, wo er Kinder und Jugendliche auf spannende Abenteuerreisen begleitet. Vincent ist erfahrener Erlebnisp\u00e4dagoge, Guide und kreativer Kopf, der Gruppen immer wieder zu neuen Ideen und Perspektiven inspiriert.<\/p><p data-start=\"690\" data-end=\"1020\">Gemeinsam bilden sie ein starkes Duo: Tobias bringt seine Kameraerfahrung, sein Storytelling und seine Begeisterung f\u00fcr wilde Orte ein. Vincent sorgt mit seiner Erfahrung in der Erlebnisp\u00e4dagogik, seinen handwerklichen Skills und seiner ruhigen, motivierenden Art daf\u00fcr, dass jedes Abenteuer sicher, spannend und lehrreich wird.<\/p><p data-start=\"1022\" data-end=\"1261\">Ihr gemeinsames Ziel: Menschen raus in die Natur zu bringen, Teamgeist zu st\u00e4rken, Mut zu machen und Erlebnisse zu schaffen, die lange nachwirken \u2013 ob bei einem Schulausflug, einem F\u00fchrungskr\u00e4ftetraining oder einer gro\u00dfen Abenteuerreise.<\/p><p data-start=\"2236\" data-end=\"2286\"><strong data-start=\"313\" data-end=\"485\">Wir glauben, dass echte Erfahrungen unter freiem Himmel mehr bewirken als tausend Stunden Theorie.<br \/><\/strong><br \/>Wenn du Lust auf genau das hast \u2013 melde dich bei uns!<\/p><p data-start=\"2236\" data-end=\"2286\">\u00a0<\/p>\t\t\t\t\t\t\t\t<\/div>\n\t\t\t\t<\/div>\n\t\t<div class=\"elementor-element elementor-element-d21db6a e-con-full e-flex e-con e-child\" data-id=\"d21db6a\" data-element_type=\"container\" data-settings=\"{&quot;background_background&quot;:&quot;classic&quot;}\">\n\t\t\t\t<div class=\"elementor-element elementor-element-68a4ee2 animated-fast elementor-invisible elementor-widget elementor-widget-heading\" data-id=\"68a4ee2\" data-element_type=\"widget\" data-settings=\"{&quot;_animation&quot;:&quot;opal-move-up&quot;}\" data-widget_type=\"heading.default\">\n\t\t\t\t<div class=\"elementor-widget-container\">\n\t\t\t\t\t<div class=\"elementor-heading-title elementor-size-default\">Tobi &amp; Vinny<\/div>\t\t\t\t<\/div>\n\t\t\t\t<\/div>\n\t\t\t\t<div class=\"elementor-element elementor-element-2dd3e34 elementor-widget__width-initial animated-fast elementor-invisible elementor-widget elementor-widget-zipli-team-box\" data-id=\"2dd3e34\" data-element_type=\"widget\" data-settings=\"{&quot;_animation&quot;:&quot;opal-move-up&quot;}\" data-widget_type=\"zipli-team-box.default\">\n\t\t\t\t<div class=\"elementor-widget-container\">\n\t\t\t\t\t\n            <div class=\"elementor-teambox-item-wrapper\">\n                <div class=\"d-grid\">\n                                            <div class=\"grid-item elementor-teambox-item\">\n                            <div class=\"elementor-teambox-inner\">\n                                            <div class=\"team-image\">\n                <img fetchpriority=\"high\" decoding=\"async\" data-attachment-id=\"7927\" data-permalink=\"https:\/\/tobiasohmann.de\/en\/teamwildnis_tobiasohmann-3\" data-orig-file=\"https:\/\/i0.wp.com\/tobiasohmann.de\/wp-content\/uploads\/2023\/01\/TeamWildnis_TobiasOhmann-1.jpg?fit=1250%2C1667&amp;ssl=1\" data-orig-size=\"1250,1667\" data-comments-opened=\"0\" data-image-meta=\"{&quot;aperture&quot;:&quot;0&quot;,&quot;credit&quot;:&quot;&quot;,&quot;camera&quot;:&quot;&quot;,&quot;caption&quot;:&quot;&quot;,&quot;created_timestamp&quot;:&quot;0&quot;,&quot;copyright&quot;:&quot;&quot;,&quot;focal_length&quot;:&quot;0&quot;,&quot;iso&quot;:&quot;0&quot;,&quot;shutter_speed&quot;:&quot;0&quot;,&quot;title&quot;:&quot;&quot;,&quot;orientation&quot;:&quot;0&quot;}\" data-image-title=\"Team Wildnis Tobias Ohmann\" data-image-description=\"\" data-image-caption=\"\" data-medium-file=\"https:\/\/i0.wp.com\/tobiasohmann.de\/wp-content\/uploads\/2023\/01\/TeamWildnis_TobiasOhmann-1.jpg?fit=225%2C300&amp;ssl=1\" data-large-file=\"https:\/\/i0.wp.com\/tobiasohmann.de\/wp-content\/uploads\/2023\/01\/TeamWildnis_TobiasOhmann-1.jpg?fit=768%2C1024&amp;ssl=1\" width=\"1250\" height=\"1667\" src=\"https:\/\/i0.wp.com\/tobiasohmann.de\/wp-content\/uploads\/2023\/01\/TeamWildnis_TobiasOhmann-1.jpg?fit=1250%2C1667&amp;ssl=1\" class=\"attachment-full size-full wp-image-7927\" alt=\"Team Wildnis Tobias Ohmann\" srcset=\"https:\/\/i0.wp.com\/tobiasohmann.de\/wp-content\/uploads\/2023\/01\/TeamWildnis_TobiasOhmann-1.jpg?w=1250&amp;ssl=1 1250w, https:\/\/i0.wp.com\/tobiasohmann.de\/wp-content\/uploads\/2023\/01\/TeamWildnis_TobiasOhmann-1.jpg?resize=225%2C300&amp;ssl=1 225w, https:\/\/i0.wp.com\/tobiasohmann.de\/wp-content\/uploads\/2023\/01\/TeamWildnis_TobiasOhmann-1.jpg?resize=768%2C1024&amp;ssl=1 768w, https:\/\/i0.wp.com\/tobiasohmann.de\/wp-content\/uploads\/2023\/01\/TeamWildnis_TobiasOhmann-1.jpg?resize=1152%2C1536&amp;ssl=1 1152w, https:\/\/i0.wp.com\/tobiasohmann.de\/wp-content\/uploads\/2023\/01\/TeamWildnis_TobiasOhmann-1.jpg?resize=560%2C747&amp;ssl=1 560w, https:\/\/i0.wp.com\/tobiasohmann.de\/wp-content\/uploads\/2023\/01\/TeamWildnis_TobiasOhmann-1.jpg?resize=840%2C1120&amp;ssl=1 840w, https:\/\/i0.wp.com\/tobiasohmann.de\/wp-content\/uploads\/2023\/01\/TeamWildnis_TobiasOhmann-1.jpg?resize=600%2C800&amp;ssl=1 600w\" sizes=\"(max-width: 900px) 100vw, 900px\" \/>            <\/div>\n                                        <div class=\"elementor-teambox-details\">\n                                    <div class=\"team-content\">\n                                                                                <h5 class=\"team-name\">Tobias Ohmann<\/h5>                                                                                    <div class=\"team-job\">Wildnis Experte<\/div>\n                                                                            <\/div>\n                                    <div class=\"team-icon-socials\">\n                                        <ul>\n                                                                                                                                                                                                                                                                                                                                        <li class=\"social\">\n                                                        <a href=\"https:\/\/www.instagram.com\/tobias_ohmann\/?hl=de\">\n                                                            <i class=\"zipli-icon-instagram\"><\/i>\n                                                        <\/a>\n                                                    <\/li>\n                                                                                                                                                                                                <li class=\"social\">\n                                                        <a href=\"https:\/\/www.youtube.com\/@team.wildnis\">\n                                                            <i class=\"zipli-icon-youtube\"><\/i>\n                                                        <\/a>\n                                                    <\/li>\n                                                                                                                                    <\/ul>\n                                    <\/div>\n                                <\/div>\n                            <\/div>\n                        <\/div>\n                                            <div class=\"grid-item elementor-teambox-item\">\n                            <div class=\"elementor-teambox-inner\">\n                                            <div class=\"team-image\">\n                <img decoding=\"async\" data-attachment-id=\"7925\" data-permalink=\"https:\/\/tobiasohmann.de\/en\/teamwildnis_vincentwolff\" data-orig-file=\"https:\/\/i0.wp.com\/tobiasohmann.de\/wp-content\/uploads\/2023\/01\/TeamWildnis_VincentWolff.jpg?fit=1250%2C1667&amp;ssl=1\" data-orig-size=\"1250,1667\" data-comments-opened=\"0\" data-image-meta=\"{&quot;aperture&quot;:&quot;0&quot;,&quot;credit&quot;:&quot;&quot;,&quot;camera&quot;:&quot;&quot;,&quot;caption&quot;:&quot;&quot;,&quot;created_timestamp&quot;:&quot;0&quot;,&quot;copyright&quot;:&quot;&quot;,&quot;focal_length&quot;:&quot;0&quot;,&quot;iso&quot;:&quot;0&quot;,&quot;shutter_speed&quot;:&quot;0&quot;,&quot;title&quot;:&quot;&quot;,&quot;orientation&quot;:&quot;0&quot;}\" data-image-title=\"Team Wildnis Vincent Wolff\" data-image-description=\"\" data-image-caption=\"\" data-medium-file=\"https:\/\/i0.wp.com\/tobiasohmann.de\/wp-content\/uploads\/2023\/01\/TeamWildnis_VincentWolff.jpg?fit=225%2C300&amp;ssl=1\" data-large-file=\"https:\/\/i0.wp.com\/tobiasohmann.de\/wp-content\/uploads\/2023\/01\/TeamWildnis_VincentWolff.jpg?fit=768%2C1024&amp;ssl=1\" width=\"1250\" height=\"1667\" src=\"https:\/\/i0.wp.com\/tobiasohmann.de\/wp-content\/uploads\/2023\/01\/TeamWildnis_VincentWolff.jpg?fit=1250%2C1667&amp;ssl=1\" class=\"attachment-full size-full wp-image-7925\" alt=\"Team Wildnis Vincent Wolff\" srcset=\"https:\/\/i0.wp.com\/tobiasohmann.de\/wp-content\/uploads\/2023\/01\/TeamWildnis_VincentWolff.jpg?w=1250&amp;ssl=1 1250w, https:\/\/i0.wp.com\/tobiasohmann.de\/wp-content\/uploads\/2023\/01\/TeamWildnis_VincentWolff.jpg?resize=225%2C300&amp;ssl=1 225w, https:\/\/i0.wp.com\/tobiasohmann.de\/wp-content\/uploads\/2023\/01\/TeamWildnis_VincentWolff.jpg?resize=768%2C1024&amp;ssl=1 768w, https:\/\/i0.wp.com\/tobiasohmann.de\/wp-content\/uploads\/2023\/01\/TeamWildnis_VincentWolff.jpg?resize=1152%2C1536&amp;ssl=1 1152w, https:\/\/i0.wp.com\/tobiasohmann.de\/wp-content\/uploads\/2023\/01\/TeamWildnis_VincentWolff.jpg?resize=560%2C747&amp;ssl=1 560w, https:\/\/i0.wp.com\/tobiasohmann.de\/wp-content\/uploads\/2023\/01\/TeamWildnis_VincentWolff.jpg?resize=840%2C1120&amp;ssl=1 840w, https:\/\/i0.wp.com\/tobiasohmann.de\/wp-content\/uploads\/2023\/01\/TeamWildnis_VincentWolff.jpg?resize=600%2C800&amp;ssl=1 600w\" sizes=\"(max-width: 900px) 100vw, 900px\" \/>            <\/div>\n                                        <div class=\"elementor-teambox-details\">\n                                    <div class=\"team-content\">\n                                                                                <h5 class=\"team-name\">Vincent Vinz<\/h5>                                                                                    <div class=\"team-job\">Wildnis Experte<\/div>\n                                                                            <\/div>\n                                    <div class=\"team-icon-socials\">\n                                        <ul>\n                                                                                                                                                                                                                                                                                                                                        <li class=\"social\">\n                                                        <a href=\"https:\/\/www.instagram.com\/vinnyventures_\/?hl=de\">\n                                                            <i class=\"zipli-icon-instagram\"><\/i>\n                                                        <\/a>\n                                                    <\/li>\n                                                                                                                                                                                                <li class=\"social\">\n                                                        <a href=\"https:\/\/www.youtube.com\/@team.wildnis\">\n                                                            <i class=\"zipli-icon-youtube\"><\/i>\n                                                        <\/a>\n                                                    <\/li>\n                                                                                                                                    <\/ul>\n                                    <\/div>\n                                <\/div>\n                            <\/div>\n                        <\/div>\n                                    <\/div>\n            <\/div>\n                                \t\t\t\t<\/div>\n\t\t\t\t<\/div>\n\t\t\t\t<\/div>\n\t\t\t\t\t<\/div>\n\t\t\t\t<\/div>\n\t\t<div class=\"elementor-element elementor-element-d7db5e9 e-flex e-con-boxed e-con e-parent\" data-id=\"d7db5e9\" data-element_type=\"container\">\n\t\t\t\t\t<div class=\"e-con-inner\">\n\t\t\t\t<div class=\"elementor-element elementor-element-62c42ea animated-fast elementor-invisible elementor-widget elementor-widget-heading\" data-id=\"62c42ea\" data-element_type=\"widget\" data-settings=\"{&quot;_animation&quot;:&quot;opal-move-up&quot;}\" data-widget_type=\"heading.default\">\n\t\t\t\t<div class=\"elementor-widget-container\">\n\t\t\t\t\t<div class=\"elementor-heading-title elementor-size-default\">Herausfoderungen, Behind the Scenes &amp; mehr<\/div>\t\t\t\t<\/div>\n\t\t\t\t<\/div>\n\t\t\t\t<div class=\"elementor-element elementor-element-655401a elementor-widget__width-initial elementor-widget-mobile__width-inherit animated-fast elementor-widget-laptop__width-initial elementor-invisible elementor-widget elementor-widget-heading\" data-id=\"655401a\" data-element_type=\"widget\" data-settings=\"{&quot;_animation&quot;:&quot;opal-move-up&quot;}\" data-widget_type=\"heading.default\">\n\t\t\t\t<div class=\"elementor-widget-container\">\n\t\t\t\t\t<h2 class=\"elementor-heading-title elementor-size-default\">Team Wildnis @Youtube<\/h2>\t\t\t\t<\/div>\n\t\t\t\t<\/div>\n\t\t<div class=\"elementor-element elementor-element-dde62eb animated-fast e-con-full e-flex elementor-invisible e-con e-child\" data-id=\"dde62eb\" data-element_type=\"container\" data-settings=\"{&quot;background_background&quot;:&quot;classic&quot;,&quot;animation&quot;:&quot;opal-move-up&quot;}\">\n\t\t\t\t<div class=\"elementor-element elementor-element-e1c5ec0 elementor-widget elementor-widget-zipli-video-popup\" data-id=\"e1c5ec0\" data-element_type=\"widget\" data-widget_type=\"zipli-video-popup.default\">\n\t\t\t\t<div class=\"elementor-widget-container\">\n\t\t\t\t\t        <div class=\"elementor-video-wrapper zipli-video-popup\">\n            <a class=\"elementor-video-popup\" role=\"button\" href=\"https:\/\/www.youtube.com\/watch?v=FCdPi36Qdl8&#038;t=56s\" data-effect=\"mfp-zoom-in\">\n                <i aria-hidden=\"true\" class=\"zipli-icon- zipli-icon-play\"><\/i>                <span class=\"elementor-video-title\">Play <\/span>            <\/a>\n        <\/div>\n        \t\t\t\t<\/div>\n\t\t\t\t<\/div>\n\t\t\t\t<\/div>\n\t\t\t\t\t<\/div>\n\t\t\t\t<\/div>\n\t\t\t\t<\/div>","protected":false},"excerpt":{"rendered":"<p>Zwei Abenteurer, eine Mission. Wir sind Team Wildnis Team Wildnis \u2013 das sind Tobias Ohmann und Vincent Vinz, zwei Natur- und Outdoor-Enthusiasten, die ihre Leidenschaft zum Beruf gemacht haben. Tobias [&hellip;]<\/p>","protected":false},"author":1,"featured_media":0,"parent":0,"menu_order":0,"comment_status":"closed","ping_status":"closed","template":"","meta":{"content-type":"","spay_email":"","footnotes":""},"class_list":["post-58","page","type-page","status-publish","hentry"],"jetpack_sharing_enabled":false,"jetpack_shortlink":"https:\/\/wp.me\/P9Ihiq-W","jetpack_likes_enabled":false,"_links":{"self":[{"href":"https:\/\/tobiasohmann.de\/en\/wp-json\/wp\/v2\/pages\/58","targetHints":{"allow":["GET"]}}],"collection":[{"href":"https:\/\/tobiasohmann.de\/en\/wp-json\/wp\/v2\/pages"}],"about":[{"href":"https:\/\/tobiasohmann.de\/en\/wp-json\/wp\/v2\/types\/page"}],"author":[{"embeddable":true,"href":"https:\/\/tobiasohmann.de\/en\/wp-json\/wp\/v2\/users\/1"}],"replies":[{"embeddable":true,"href":"https:\/\/tobiasohmann.de\/en\/wp-json\/wp\/v2\/comments?post=58"}],"version-history":[{"count":41,"href":"https:\/\/tobiasohmann.de\/en\/wp-json\/wp\/v2\/pages\/58\/revisions"}],"predecessor-version":[{"id":8989,"href":"https:\/\/tobiasohmann.de\/en\/wp-json\/wp\/v2\/pages\/58\/revisions\/8989"}],"wp:attachment":[{"href":"https:\/\/tobiasohmann.de\/en\/wp-json\/wp\/v2\/media?parent=58"}],"curies":[{"name":"wp","href":"https:\/\/api.w.org\/{rel}","templated":true}]}}