{"id":68,"date":"2025-05-08T06:49:00","date_gmt":"2025-05-08T06:49:00","guid":{"rendered":"https:\/\/demo2wpopal.b-cdn.net\/zipli\/?page_id=68"},"modified":"2025-12-14T12:10:19","modified_gmt":"2025-12-14T12:10:19","slug":"kontakt","status":"publish","type":"page","link":"https:\/\/tobiasohmann.de\/en\/kontakt","title":{"rendered":"Kontakt"},"content":{"rendered":"<div data-elementor-type=\"wp-page\" data-elementor-id=\"68\" class=\"elementor elementor-68\">\n\t\t\t\t<div class=\"elementor-element elementor-element-8c906ee e-flex e-con-boxed e-con e-parent\" data-id=\"8c906ee\" data-element_type=\"container\">\n\t\t\t\t\t<div class=\"e-con-inner\">\n\t\t<div class=\"elementor-element elementor-element-9fbb39f e-con-full e-flex e-con e-child\" data-id=\"9fbb39f\" data-element_type=\"container\">\n\t\t\t\t<div class=\"elementor-element elementor-element-560ffad elementor-widget elementor-widget-heading\" data-id=\"560ffad\" data-element_type=\"widget\" data-widget_type=\"heading.default\">\n\t\t\t\t<div class=\"elementor-widget-container\">\n\t\t\t\t\t<h3 class=\"elementor-heading-title elementor-size-default\">Kontakt<\/h3>\t\t\t\t<\/div>\n\t\t\t\t<\/div>\n\t\t\t\t<div class=\"elementor-element elementor-element-3520646 elementor-widget elementor-widget-text-editor\" data-id=\"3520646\" data-element_type=\"widget\" data-widget_type=\"text-editor.default\">\n\t\t\t\t<div class=\"elementor-widget-container\">\n\t\t\t\t\t\t\t\t\t<p>Wir freuen uns, von dir zu h\u00f6ren! Egal, ob du Fragen hast, Hilfe ben\u00f6tigst oder dein Abenteuererlebnis teilen m\u00f6chtest.<\/p>\t\t\t\t\t\t\t\t<\/div>\n\t\t\t\t<\/div>\n\t\t\t\t<div class=\"elementor-element elementor-element-3f488fe elementor-view-stacked elementor-position-left elementor-mobile-position-left animated-fast elementor-shape-circle elementor-invisible elementor-widget elementor-widget-icon-box\" data-id=\"3f488fe\" data-element_type=\"widget\" data-settings=\"{&quot;_animation&quot;:&quot;opal-move-up&quot;}\" data-widget_type=\"icon-box.default\">\n\t\t\t\t<div class=\"elementor-widget-container\">\n\t\t\t\t\t\t\t<div class=\"elementor-icon-box-wrapper\">\n\n\t\t\t\t\t\t<div class=\"elementor-icon-box-icon\">\n\t\t\t\t<span  class=\"elementor-icon\">\n\t\t\t\t<i aria-hidden=\"true\" class=\"zipli-icon- zipli-icon-map-pin\"><\/i>\t\t\t\t<\/span>\n\t\t\t<\/div>\n\t\t\t\n\t\t\t\t\t\t<div class=\"elementor-icon-box-content\">\n\n\t\t\t\t\n\t\t\t\t\t\t\t\t\t<p class=\"elementor-icon-box-description\">\n\t\t\t\t\t\tDanziger Stra\u00dfe 4<br>56470 Bad Marienberg\t\t\t\t\t<\/p>\n\t\t\t\t\n\t\t\t<\/div>\n\t\t\t\n\t\t<\/div>\n\t\t\t\t\t\t<\/div>\n\t\t\t\t<\/div>\n\t\t\t\t<div class=\"elementor-element elementor-element-f17cf36 elementor-view-stacked elementor-position-left elementor-mobile-position-left animated-fast elementor-shape-circle elementor-invisible elementor-widget elementor-widget-icon-box\" data-id=\"f17cf36\" data-element_type=\"widget\" data-settings=\"{&quot;_animation&quot;:&quot;opal-move-up&quot;}\" data-widget_type=\"icon-box.default\">\n\t\t\t\t<div class=\"elementor-widget-container\">\n\t\t\t\t\t\t\t<div class=\"elementor-icon-box-wrapper\">\n\n\t\t\t\t\t\t<div class=\"elementor-icon-box-icon\">\n\t\t\t\t<span  class=\"elementor-icon\">\n\t\t\t\t<i aria-hidden=\"true\" class=\"zipli-icon- zipli-icon-e-mail\"><\/i>\t\t\t\t<\/span>\n\t\t\t<\/div>\n\t\t\t\n\t\t\t\t\t\t<div class=\"elementor-icon-box-content\">\n\n\t\t\t\t\n\t\t\t\t\t\t\t\t\t<p class=\"elementor-icon-box-description\">\n\t\t\t\t\t\tmail@tobiasohmann.de\t\t\t\t\t<\/p>\n\t\t\t\t\n\t\t\t<\/div>\n\t\t\t\n\t\t<\/div>\n\t\t\t\t\t\t<\/div>\n\t\t\t\t<\/div>\n\t\t\t\t<\/div>\n\t\t<div class=\"elementor-element elementor-element-0a20163 e-con-full e-flex e-con e-child\" data-id=\"0a20163\" data-element_type=\"container\" data-settings=\"{&quot;background_background&quot;:&quot;classic&quot;}\">\n\t\t\t\t<div class=\"elementor-element elementor-element-e3c288a elementor-widget elementor-widget-heading\" data-id=\"e3c288a\" data-element_type=\"widget\" data-widget_type=\"heading.default\">\n\t\t\t\t<div class=\"elementor-widget-container\">\n\t\t\t\t\t<h3 class=\"elementor-heading-title elementor-size-default\">Lust auf ein gemeinsames Abenteuer?<\/h3>\t\t\t\t<\/div>\n\t\t\t\t<\/div>\n\t\t\t\t<div class=\"elementor-element elementor-element-860135e elementor-widget__width-initial elementor-widget elementor-widget-text-editor\" data-id=\"860135e\" data-element_type=\"widget\" data-widget_type=\"text-editor.default\">\n\t\t\t\t<div class=\"elementor-widget-container\">\n\t\t\t\t\t\t\t\t\t<p>Ob Wildnistour, Teamevent, Moderation, Schulprogramm oder Ausbildung \u2013 schreib uns einfach, was dir vorschwebt. Wir melden uns pers\u00f6nlich und zuverl\u00e4ssig bei dir zur\u00fcck.<\/p><p>Bitte verrate uns ein paar Infos vorab:<\/p><p>Was interessiert dich (Tour, Event, Buchung, Ausbildung\u2026)?<\/p><p>F\u00fcr wie viele Personen planst du?<\/p><p>Gibt es schon einen Zeitraum oder Terminwunsch?<\/p><p>Je genauer du bist, desto besser k\u00f6nnen wir dir antworten.<\/p><p>Wir freuen uns auf deine Nachricht an <a href=\"mailto:info@team-wildnis.de\">info@team-wildnis.de<\/a><br \/>Tobias &amp; Team Wildnis<\/p>\t\t\t\t\t\t\t\t<\/div>\n\t\t\t\t<\/div>\n\t\t\t\t<\/div>\n\t\t\t\t\t<\/div>\n\t\t\t\t<\/div>\n\t\t\t\t<\/div>","protected":false},"excerpt":{"rendered":"<p>Kontakt Wir freuen uns, von dir zu h\u00f6ren! Egal, ob du Fragen hast, Hilfe ben\u00f6tigst oder dein Abenteuererlebnis teilen m\u00f6chtest. Danziger Stra\u00dfe 456470 Bad Marienberg mail@tobiasohmann.de Lust auf ein gemeinsames [&hellip;]<\/p>","protected":false},"author":1,"featured_media":0,"parent":0,"menu_order":0,"comment_status":"closed","ping_status":"closed","template":"","meta":{"content-type":"","spay_email":"","footnotes":""},"class_list":["post-68","page","type-page","status-publish","hentry"],"jetpack_sharing_enabled":false,"jetpack_shortlink":"https:\/\/wp.me\/P9Ihiq-16","jetpack_likes_enabled":false,"_links":{"self":[{"href":"https:\/\/tobiasohmann.de\/en\/wp-json\/wp\/v2\/pages\/68","targetHints":{"allow":["GET"]}}],"collection":[{"href":"https:\/\/tobiasohmann.de\/en\/wp-json\/wp\/v2\/pages"}],"about":[{"href":"https:\/\/tobiasohmann.de\/en\/wp-json\/wp\/v2\/types\/page"}],"author":[{"embeddable":true,"href":"https:\/\/tobiasohmann.de\/en\/wp-json\/wp\/v2\/users\/1"}],"replies":[{"embeddable":true,"href":"https:\/\/tobiasohmann.de\/en\/wp-json\/wp\/v2\/comments?post=68"}],"version-history":[{"count":19,"href":"https:\/\/tobiasohmann.de\/en\/wp-json\/wp\/v2\/pages\/68\/revisions"}],"predecessor-version":[{"id":9723,"href":"https:\/\/tobiasohmann.de\/en\/wp-json\/wp\/v2\/pages\/68\/revisions\/9723"}],"wp:attachment":[{"href":"https:\/\/tobiasohmann.de\/en\/wp-json\/wp\/v2\/media?parent=68"}],"curies":[{"name":"wp","href":"https:\/\/api.w.org\/{rel}","templated":true}]}}