{"id":9599,"date":"2025-12-12T22:38:46","date_gmt":"2025-12-12T22:38:46","guid":{"rendered":"https:\/\/tobiasohmann.de\/?page_id=9599"},"modified":"2025-12-12T22:41:28","modified_gmt":"2025-12-12T22:41:28","slug":"datenschutz-2","status":"publish","type":"page","link":"https:\/\/tobiasohmann.de\/en\/datenschutz-2","title":{"rendered":"Datenschutz"},"content":{"rendered":"<div class=\"vc_row wpb_row vc_row-fluid\"><div class=\"wpb_column vc_column_container vc_col-sm-12\"><div class=\"vc_column-inner\"><div class=\"wpb_wrapper\">\n\t<div class=\"wpb_text_column wpb_content_element\" >\n\t\t<div class=\"wpb_wrapper\">\n\t\t\t<div id=\"nav_layer\">\n<div class=\"spacer\">\n<h5 data-start=\"640\" data-end=\"666\"><strong data-start=\"642\" data-end=\"666\">Datenschutzerkl\u00e4rung<\/strong><\/h5>\n<p data-start=\"668\" data-end=\"895\">Wir freuen uns \u00fcber Ihr Interesse an unserer Website. Der Schutz Ihrer personenbezogenen Daten ist uns wichtig. Im Folgenden informieren wir Sie dar\u00fcber, welche Daten wir erheben, wie wir sie nutzen und welche Rechte Sie haben.<\/p>\n<hr data-start=\"897\" data-end=\"900\" \/>\n<h5 data-start=\"902\" data-end=\"928\"><strong data-start=\"905\" data-end=\"928\">1. Verantwortlicher<\/strong><\/h5>\n<p data-start=\"929\" data-end=\"993\">Verantwortlich f\u00fcr die Datenverarbeitung auf dieser Website ist:<\/p>\n<p data-start=\"995\" data-end=\"1114\"><strong data-start=\"995\" data-end=\"1027\">Tobias Ohmann \/ Team Wildnis<br \/>\n<\/strong>Danziger Str. 4<br \/>\n<span class=\"fMYBhe\">56470 Bad Marienberg<\/span><br data-start=\"1064\" data-end=\"1067\" \/>Deutschland<br data-start=\"1078\" data-end=\"1081\" \/>E-Mail: <a class=\"decorated-link cursor-pointer\" rel=\"noopener\" data-start=\"1089\" data-end=\"1112\">mail@tobiasohmann.de<\/a><\/p>\n<hr data-start=\"1116\" data-end=\"1119\" \/>\n<h5 data-start=\"1121\" data-end=\"1162\"><strong data-start=\"1124\" data-end=\"1162\">2. Zugriffsdaten \/ Server-Logfiles<\/strong><\/h5>\n<p data-start=\"1164\" data-end=\"1303\">Beim Besuch der Website erhebt und speichert unser Hosting-Anbieter automatisch Informationen in sogenannten Server-Logfiles. Dazu geh\u00f6ren:<\/p>\n<ul data-start=\"1305\" data-end=\"1439\">\n<li data-start=\"1305\" data-end=\"1332\">\n<p data-start=\"1307\" data-end=\"1332\">Browsertyp und -version<\/p>\n<\/li>\n<li data-start=\"1333\" data-end=\"1363\">\n<p data-start=\"1335\" data-end=\"1363\">verwendetes Betriebssystem<\/p>\n<\/li>\n<li data-start=\"1364\" data-end=\"1380\">\n<p data-start=\"1366\" data-end=\"1380\">Referrer URL<\/p>\n<\/li>\n<li data-start=\"1381\" data-end=\"1410\">\n<p data-start=\"1383\" data-end=\"1410\">Uhrzeit der Serveranfrage<\/p>\n<\/li>\n<li data-start=\"1411\" data-end=\"1439\">\n<p data-start=\"1413\" data-end=\"1439\">anonymisierte IP-Adresse<\/p>\n<\/li>\n<\/ul>\n<p data-start=\"1441\" data-end=\"1658\">Die Speicherung erfolgt auf Grundlage von Art. 6 Abs. 1 lit. f DSGVO (berechtigtes Interesse) zur technischen Stabilit\u00e4t und Sicherheit der Website. Eine Zusammenf\u00fchrung dieser Daten mit anderen Quellen erfolgt nicht.<\/p>\n<hr data-start=\"1660\" data-end=\"1663\" \/>\n<h5 data-start=\"1665\" data-end=\"1717\"><strong data-start=\"1668\" data-end=\"1717\">3. Kontaktaufnahme (Kontaktformular \/ E-Mail)<\/strong><\/h5>\n<p data-start=\"1719\" data-end=\"1801\">Wenn Sie uns \u00fcber das Kontaktformular oder per E-Mail kontaktieren, speichern wir:<\/p>\n<ul data-start=\"1803\" data-end=\"1861\">\n<li data-start=\"1803\" data-end=\"1818\">\n<p data-start=\"1805\" data-end=\"1818\">Ihren Namen<\/p>\n<\/li>\n<li data-start=\"1819\" data-end=\"1842\">\n<p data-start=\"1821\" data-end=\"1842\">Ihre E-Mail-Adresse<\/p>\n<\/li>\n<li data-start=\"1843\" data-end=\"1861\">\n<p data-start=\"1845\" data-end=\"1861\">Ihre Nachricht<\/p>\n<\/li>\n<\/ul>\n<p data-start=\"1863\" data-end=\"2102\">Die Verarbeitung erfolgt ausschlie\u00dflich zur Bearbeitung Ihres Anliegens (Art. 6 Abs. 1 lit. b DSGVO).<br data-start=\"1964\" data-end=\"1967\" \/>Die Daten werden gel\u00f6scht, sobald Ihr Anliegen vollst\u00e4ndig bearbeitet wurde, sofern keine gesetzlichen Aufbewahrungspflichten bestehen.<\/p>\n<hr data-start=\"2104\" data-end=\"2107\" \/>\n<h5 data-start=\"2109\" data-end=\"2158\"><strong data-start=\"2112\" data-end=\"2158\">4. Bestellung des Wildnis-Kits \/ PayPal.Me<\/strong><\/h5>\n<p data-start=\"2160\" data-end=\"2328\">F\u00fcr die Bestellung des Wildnis-Kits nutzen wir PayPal.Me als Bezahlmethode.<br data-start=\"2235\" data-end=\"2238\" \/>Bei Nutzung des PayPal-Buttons werden personenbezogene Daten an PayPal \u00fcbermittelt, z. B.:<\/p>\n<ul data-start=\"2330\" data-end=\"2374\">\n<li data-start=\"2330\" data-end=\"2338\">\n<p data-start=\"2332\" data-end=\"2338\">Name<\/p>\n<\/li>\n<li data-start=\"2339\" data-end=\"2356\">\n<p data-start=\"2341\" data-end=\"2356\">Lieferadresse<\/p>\n<\/li>\n<li data-start=\"2357\" data-end=\"2374\">\n<p data-start=\"2359\" data-end=\"2374\">Zahlungsdaten<\/p>\n<\/li>\n<\/ul>\n<p data-start=\"2376\" data-end=\"2411\">Verantwortlich f\u00fcr diese Daten ist:<\/p>\n<p data-start=\"2413\" data-end=\"2499\"><strong data-start=\"2413\" data-end=\"2456\">PayPal (Europe) S.\u00e0 r.l. et Cie, S.C.A.<\/strong><br data-start=\"2456\" data-end=\"2459\" \/>22-24 Boulevard Royal, L-2449 Luxembourg<\/p>\n<p data-start=\"2501\" data-end=\"2591\">Die Verarbeitung erfolgt auf Grundlage von Art. 6 Abs. 1 lit. b DSGVO (Vertragserf\u00fcllung).<\/p>\n<p data-start=\"2593\" data-end=\"2702\">Die Datenschutzerkl\u00e4rung von PayPal finden Sie unter:<br data-start=\"2646\" data-end=\"2649\" \/><a class=\"decorated-link cursor-pointer\" target=\"_new\" rel=\"noopener\" data-start=\"2649\" data-end=\"2702\">https:\/\/www.paypal.com\/de\/webapps\/mpp\/ua\/privacy-full<\/a><\/p>\n<hr data-start=\"2704\" data-end=\"2707\" \/>\n<h5 data-start=\"2709\" data-end=\"2755\"><strong data-start=\"2712\" data-end=\"2755\">5. Cookies &amp; technisch notwendige Tools<\/strong><\/h5>\n<p data-start=\"2757\" data-end=\"2902\">Unsere Website verwendet technisch notwendige Cookies, die f\u00fcr den Betrieb der Seite erforderlich sind (z. B. Sprachauswahl, Session-Management).<\/p>\n<p data-start=\"2904\" data-end=\"3033\">Eine Speicherung erfolgt auf Grundlage von Art. 6 Abs. 1 lit. f DSGVO (berechtigtes Interesse an einer funktionsf\u00e4higen Website).<\/p>\n<p data-start=\"3035\" data-end=\"3149\">Tracking-Cookies oder Analyse-Tools setzen wir <strong data-start=\"3082\" data-end=\"3091\">nicht<\/strong> ein, sofern nicht ausdr\u00fccklich auf der Website angegeben.<\/p>\n<hr data-start=\"3151\" data-end=\"3154\" \/>\n<h5 data-start=\"3156\" data-end=\"3210\"><strong data-start=\"3159\" data-end=\"3210\">6. Einbettung von Videos (z. B. KiKA \/ YouTube)<\/strong><\/h5>\n<p data-start=\"3212\" data-end=\"3414\">Wenn wir Videos von YouTube oder \u00f6ffentlich zug\u00e4ngliche Inhalte der KiKA-Mediathek einbetten, kann es bei Aufruf der Seite zu einer \u00dcbertragung personenbezogener Daten an den jeweiligen Anbieter kommen.<\/p>\n<p data-start=\"3416\" data-end=\"3480\">Bei YouTube (Google Ireland Limited) umfasst dies unter anderem:<\/p>\n<ul data-start=\"3482\" data-end=\"3529\">\n<li data-start=\"3482\" data-end=\"3496\">\n<p data-start=\"3484\" data-end=\"3496\">IP-Adresse<\/p>\n<\/li>\n<li data-start=\"3497\" data-end=\"3512\">\n<p data-start=\"3499\" data-end=\"3512\">Ger\u00e4tedaten<\/p>\n<\/li>\n<li data-start=\"3513\" data-end=\"3529\">\n<p data-start=\"3515\" data-end=\"3529\">ggf. Cookies<\/p>\n<\/li>\n<\/ul>\n<p data-start=\"3531\" data-end=\"3618\">Wir verwenden \u2013 soweit m\u00f6glich \u2013 den datenschutzfreundlichen \u201eYouTube-No-Cookie\u201c-Modus.<\/p>\n<p data-start=\"3620\" data-end=\"3682\">Rechtsgrundlage ist Art. 6 Abs. 1 lit. a DSGVO (Einwilligung).<\/p>\n<p data-start=\"3684\" data-end=\"3766\">Die Datenschutzerkl\u00e4rung von Google\/YouTube:<br data-start=\"3728\" data-end=\"3731\" \/><a class=\"decorated-link\" href=\"https:\/\/policies.google.com\/privacy\" target=\"_new\" rel=\"noopener\" data-start=\"3731\" data-end=\"3766\">https:\/\/policies.google.com\/privacy<\/a><\/p>\n<hr data-start=\"3768\" data-end=\"3771\" \/>\n<h5 data-start=\"3773\" data-end=\"3811\"><strong data-start=\"3776\" data-end=\"3809\">7. Newsletter\u00a0<\/strong><\/h5>\n<p data-start=\"3950\" data-end=\"4069\">Wenn Sie unseren Newsletter abonnieren, speichern wir Ihre E-Mail-Adresse, um Ihnen regelm\u00e4\u00dfig Informationen zu senden.<\/p>\n<p data-start=\"4071\" data-end=\"4130\">Rechtsgrundlage: Art. 6 Abs. 1 lit. a DSGVO (Einwilligung).<\/p>\n<p data-start=\"4132\" data-end=\"4200\">Sie k\u00f6nnen den Newsletter jederzeit \u00fcber den Abmeldelink widerrufen.<\/p>\n<hr data-start=\"4202\" data-end=\"4205\" \/>\n<h5 data-start=\"4207\" data-end=\"4230\"><strong data-start=\"4210\" data-end=\"4230\">8. Speicherdauer<\/strong><\/h5>\n<p data-start=\"4232\" data-end=\"4294\">Wir verarbeiten personenbezogene Daten nur so lange, wie dies:<\/p>\n<ul data-start=\"4296\" data-end=\"4454\">\n<li data-start=\"4296\" data-end=\"4338\">\n<p data-start=\"4298\" data-end=\"4338\">zur Erf\u00fcllung vertraglicher Pflichten,<\/p>\n<\/li>\n<li data-start=\"4339\" data-end=\"4376\">\n<p data-start=\"4341\" data-end=\"4376\">zur Bearbeitung von Anfragen oder<\/p>\n<\/li>\n<li data-start=\"4377\" data-end=\"4454\">\n<p data-start=\"4379\" data-end=\"4454\">aufgrund gesetzlicher Aufbewahrungspflichten (z. B. Rechnungen: 10 Jahre)<\/p>\n<\/li>\n<\/ul>\n<p data-start=\"4456\" data-end=\"4473\">erforderlich ist.<\/p>\n<hr data-start=\"4475\" data-end=\"4478\" \/>\n<h5 data-start=\"4480\" data-end=\"4510\"><strong data-start=\"4483\" data-end=\"4510\">9. Weitergabe von Daten<\/strong><\/h5>\n<p data-start=\"4512\" data-end=\"4551\">Eine Weitergabe erfolgt ausschlie\u00dflich:<\/p>\n<ul data-start=\"4553\" data-end=\"4690\">\n<li data-start=\"4553\" data-end=\"4585\">\n<p data-start=\"4555\" data-end=\"4585\">an PayPal (bei Bestellungen)<\/p>\n<\/li>\n<li data-start=\"4586\" data-end=\"4648\">\n<p data-start=\"4588\" data-end=\"4648\">an Versanddienstleister (f\u00fcr den Versand des Wildnis-Kits)<\/p>\n<\/li>\n<li data-start=\"4649\" data-end=\"4690\">\n<p data-start=\"4651\" data-end=\"4690\">an technische Dienstleister (Hosting)<\/p>\n<\/li>\n<\/ul>\n<p data-start=\"4692\" data-end=\"4840\">Eine \u00dcbermittlung in Drittstaaten findet nur statt, wenn der Anbieter (z. B. YouTube, PayPal) dies verlangt und nur unter den Bedingungen der DSGVO.<\/p>\n<hr data-start=\"4842\" data-end=\"4845\" \/>\n<h5 data-start=\"4847\" data-end=\"4891\"><strong data-start=\"4850\" data-end=\"4891\">10. Ihre Rechte als betroffene Person<\/strong><\/h5>\n<p data-start=\"4893\" data-end=\"4927\">Sie haben jederzeit das Recht auf:<\/p>\n<ul data-start=\"4929\" data-end=\"5218\">\n<li data-start=\"4929\" data-end=\"4961\">\n<p data-start=\"4931\" data-end=\"4961\"><strong data-start=\"4931\" data-end=\"4943\">Auskunft<\/strong> (Art. 15 DSGVO)<\/p>\n<\/li>\n<li data-start=\"4962\" data-end=\"4998\">\n<p data-start=\"4964\" data-end=\"4998\"><strong data-start=\"4964\" data-end=\"4980\">Berichtigung<\/strong> (Art. 16 DSGVO)<\/p>\n<\/li>\n<li data-start=\"4999\" data-end=\"5031\">\n<p data-start=\"5001\" data-end=\"5031\"><strong data-start=\"5001\" data-end=\"5013\">L\u00f6schung<\/strong> (Art. 17 DSGVO)<\/p>\n<\/li>\n<li data-start=\"5032\" data-end=\"5086\">\n<p data-start=\"5034\" data-end=\"5086\"><strong data-start=\"5034\" data-end=\"5068\">Einschr\u00e4nkung der Verarbeitung<\/strong> (Art. 18 DSGVO)<\/p>\n<\/li>\n<li data-start=\"5087\" data-end=\"5131\">\n<p data-start=\"5089\" data-end=\"5131\"><strong data-start=\"5089\" data-end=\"5113\">Daten\u00fcbertragbarkeit<\/strong> (Art. 20 DSGVO)<\/p>\n<\/li>\n<li data-start=\"5132\" data-end=\"5167\">\n<p data-start=\"5134\" data-end=\"5167\"><strong data-start=\"5134\" data-end=\"5149\">Widerspruch<\/strong> (Art. 21 DSGVO)<\/p>\n<\/li>\n<li data-start=\"5168\" data-end=\"5218\">\n<p data-start=\"5170\" data-end=\"5218\"><strong data-start=\"5170\" data-end=\"5201\">Widerruf einer Einwilligung<\/strong> (Art. 7 DSGVO)<\/p>\n<\/li>\n<\/ul>\n<p data-start=\"5220\" data-end=\"5298\">Zur Aus\u00fcbung Ihrer Rechte gen\u00fcgt eine E-Mail an:<br data-start=\"5268\" data-end=\"5271\" \/><strong data-start=\"5271\" data-end=\"5298\"><a class=\"decorated-link cursor-pointer\" rel=\"noopener\" data-start=\"5273\" data-end=\"5296\">kontakt@tobiasohmann.de<\/a><\/strong><\/p>\n<hr data-start=\"5300\" data-end=\"5303\" \/>\n<h5 data-start=\"5305\" data-end=\"5358\"><strong data-start=\"5308\" data-end=\"5358\">11. Beschwerderecht bei einer Aufsichtsbeh\u00f6rde<\/strong><\/h5>\n<p data-start=\"5360\" data-end=\"5543\">Sie haben das Recht, sich bei einer Datenschutzaufsichtsbeh\u00f6rde zu beschweren, wenn Sie der Ansicht sind, dass die Verarbeitung Ihrer personenbezogenen Daten gegen die DSGVO verst\u00f6\u00dft.<\/p>\n<p data-start=\"5545\" data-end=\"5599\">Zust\u00e4ndig ist die Aufsichtsbeh\u00f6rde Ihres Bundeslandes.<\/p>\n<hr data-start=\"5601\" data-end=\"5604\" \/>\n<h5 data-start=\"5606\" data-end=\"5639\"><strong data-start=\"5609\" data-end=\"5639\">12. Sicherheit (SSL \/ TLS)<\/strong><\/h5>\n<p data-start=\"5641\" data-end=\"5823\">Unsere Website nutzt eine SSL- bzw. TLS-Verschl\u00fcsselung, um Ihre Daten vor unbefugtem Zugriff zu sch\u00fctzen. Verschl\u00fcsselte Verbindungen erkennen Sie am \u201ehttps:\/\/\u201c in der Browserzeile.<\/p>\n<hr data-start=\"5825\" data-end=\"5828\" \/>\n<h5 data-start=\"5830\" data-end=\"5879\"><strong data-start=\"5833\" data-end=\"5879\">13. \u00c4nderungen dieser Datenschutzerkl\u00e4rung<\/strong><\/h5>\n<p data-start=\"5881\" data-end=\"6069\">Wir behalten uns vor, diese Datenschutzerkl\u00e4rung anzupassen, z. B. bei technischen \u00c4nderungen oder neuen gesetzlichen Vorgaben.<br data-start=\"6008\" data-end=\"6011\" \/>Es gilt stets die auf der Website ver\u00f6ffentlichte Version.<\/p>\n<\/div>\n<\/div>\n\n\t\t<\/div>\n\t<\/div>\n<\/div><\/div><\/div><\/div>","protected":false},"excerpt":{"rendered":"<p>Datenschutzerkl\u00e4rung Wir freuen uns \u00fcber Ihr Interesse an unserer Website. Der Schutz Ihrer personenbezogenen Daten ist uns wichtig. Im Folgenden informieren wir Sie dar\u00fcber, welche Daten wir erheben, wie wir [...]<\/p>","protected":false},"author":1,"featured_media":0,"parent":0,"menu_order":0,"comment_status":"closed","ping_status":"closed","template":"","meta":{"content-type":"","spay_email":"","footnotes":""},"class_list":["post-9599","page","type-page","status-publish","hentry"],"jetpack_sharing_enabled":true,"jetpack_shortlink":"https:\/\/wp.me\/P9Ihiq-2uP","jetpack_likes_enabled":true,"_links":{"self":[{"href":"https:\/\/tobiasohmann.de\/en\/wp-json\/wp\/v2\/pages\/9599","targetHints":{"allow":["GET"]}}],"collection":[{"href":"https:\/\/tobiasohmann.de\/en\/wp-json\/wp\/v2\/pages"}],"about":[{"href":"https:\/\/tobiasohmann.de\/en\/wp-json\/wp\/v2\/types\/page"}],"author":[{"embeddable":true,"href":"https:\/\/tobiasohmann.de\/en\/wp-json\/wp\/v2\/users\/1"}],"replies":[{"embeddable":true,"href":"https:\/\/tobiasohmann.de\/en\/wp-json\/wp\/v2\/comments?post=9599"}],"version-history":[{"count":2,"href":"https:\/\/tobiasohmann.de\/en\/wp-json\/wp\/v2\/pages\/9599\/revisions"}],"predecessor-version":[{"id":9601,"href":"https:\/\/tobiasohmann.de\/en\/wp-json\/wp\/v2\/pages\/9599\/revisions\/9601"}],"wp:attachment":[{"href":"https:\/\/tobiasohmann.de\/en\/wp-json\/wp\/v2\/media?parent=9599"}],"curies":[{"name":"wp","href":"https:\/\/api.w.org\/{rel}","templated":true}]}}