{"id":9602,"date":"2025-12-12T22:46:06","date_gmt":"2025-12-12T22:46:06","guid":{"rendered":"https:\/\/tobiasohmann.de\/?page_id=9602"},"modified":"2025-12-13T11:36:47","modified_gmt":"2025-12-13T11:36:47","slug":"widerrufsbelehrung","status":"publish","type":"page","link":"https:\/\/tobiasohmann.de\/en\/widerrufsbelehrung","title":{"rendered":"Widerrufsbelehrung"},"content":{"rendered":"<div data-elementor-type=\"wp-page\" data-elementor-id=\"9602\" class=\"elementor elementor-9602\">\n\t\t\t\t<div class=\"elementor-element elementor-element-4fc362f e-flex e-con-boxed e-con e-parent\" data-id=\"4fc362f\" data-element_type=\"container\">\n\t\t\t\t\t<div class=\"e-con-inner\">\n\t\t\t\t<div class=\"elementor-element elementor-element-95b5386 elementor-widget elementor-widget-text-editor\" data-id=\"95b5386\" data-element_type=\"widget\" data-widget_type=\"text-editor.default\">\n\t\t\t\t<div class=\"elementor-widget-container\">\n\t\t\t\t\t\t\t\t\t<p><strong>Widerrufsbelehrung<\/strong><\/p>\n<p>Sie haben das Recht, binnen vierzehn Tagen ohne Angabe von Gr\u00fcnden diesen Vertrag zu widerrufen.\u2028Die Widerrufsfrist betr\u00e4gt vierzehn Tage ab dem Tag, an dem Sie oder ein von Ihnen benannter Dritter, der nicht der Bef\u00f6rderer ist, die Ware in Besitz genommen haben. Nur unbenutzte, vollst\u00e4ndige und unbesch\u00e4digte Ware kann zur\u00fcckgenommen werden. Die Kosten der R\u00fccksendung werden nicht \u00fcbernommen.<\/p>\n<p>Um Ihr Widerrufsrecht auszu\u00fcben, m\u00fcssen Sie uns mittels einer eindeutigen Erkl\u00e4rung (info@team-wildnis.de) \u00fcber Ihren Entschluss informieren, diesen Vertrag zu widerrufen.<\/p>\n<p>Zur Wahrung der Frist reicht es aus, dass Sie die Mitteilung \u00fcber die Aus\u00fcbung des Widerrufsrechts vor Ablauf der Frist absenden.<br><br><\/p>\n<p><strong>Folgen des Widerrufs<\/strong><\/p>\n<p>Wenn Sie diesen Vertrag widerrufen, haben wir Ihnen alle Zahlungen, die wir von Ihnen erhalten haben, einschlie\u00dflich der Lieferkosten (mit Ausnahme der zus\u00e4tzlichen Kosten, die sich daraus ergeben, dass Sie eine andere Art der Lieferung als die von uns angebotene Standardlieferung gew\u00e4hlt haben), unverz\u00fcglich und sp\u00e4testens binnen vierzehn Tagen ab dem Tag zur\u00fcckzuzahlen, an dem die Mitteilung \u00fcber Ihren Widerruf bei uns eingegangen ist.<\/p>\n<p>F\u00fcr diese R\u00fcckzahlung verwenden wir dasselbe Zahlungsmittel, das Sie bei der urspr\u00fcnglichen Transaktion eingesetzt haben, es sei denn, es wurde ausdr\u00fccklich etwas anderes vereinbart.<\/p>\n<p>Wir k\u00f6nnen die R\u00fcckzahlung verweigern, bis wir die Ware wieder zur\u00fcckerhalten haben oder Sie den Nachweis dar\u00fcber erbracht haben, dass Sie die Ware zur\u00fcckgesandt haben.<\/p>\n<p>Sie tragen die unmittelbaren Kosten der R\u00fccksendung der Waren.<\/p>\n<p>Sie m\u00fcssen f\u00fcr einen etwaigen Wertverlust der Waren nur aufkommen, wenn dieser Wertverlust auf einen Umgang zur\u00fcckzuf\u00fchren ist, der zur Pr\u00fcfung der Beschaffenheit, Eigenschaften und Funktionsweise der Waren nicht notwendig war.<\/p>\t\t\t\t\t\t\t\t<\/div>\n\t\t\t\t<\/div>\n\t\t\t\t\t<\/div>\n\t\t\t\t<\/div>\n\t\t\t\t<\/div>","protected":false},"excerpt":{"rendered":"<p>Widerrufsbelehrung Sie haben das Recht, binnen vierzehn Tagen ohne Angabe von Gr\u00fcnden diesen Vertrag zu widerrufen.\u2028Die Widerrufsfrist betr\u00e4gt vierzehn Tage ab dem Tag, an dem Sie oder ein von Ihnen [&hellip;]<\/p>","protected":false},"author":1,"featured_media":0,"parent":0,"menu_order":0,"comment_status":"closed","ping_status":"closed","template":"","meta":{"content-type":"","spay_email":"","footnotes":""},"class_list":["post-9602","page","type-page","status-publish","hentry"],"jetpack_sharing_enabled":true,"jetpack_shortlink":"https:\/\/wp.me\/P9Ihiq-2uS","jetpack_likes_enabled":false,"_links":{"self":[{"href":"https:\/\/tobiasohmann.de\/en\/wp-json\/wp\/v2\/pages\/9602","targetHints":{"allow":["GET"]}}],"collection":[{"href":"https:\/\/tobiasohmann.de\/en\/wp-json\/wp\/v2\/pages"}],"about":[{"href":"https:\/\/tobiasohmann.de\/en\/wp-json\/wp\/v2\/types\/page"}],"author":[{"embeddable":true,"href":"https:\/\/tobiasohmann.de\/en\/wp-json\/wp\/v2\/users\/1"}],"replies":[{"embeddable":true,"href":"https:\/\/tobiasohmann.de\/en\/wp-json\/wp\/v2\/comments?post=9602"}],"version-history":[{"count":8,"href":"https:\/\/tobiasohmann.de\/en\/wp-json\/wp\/v2\/pages\/9602\/revisions"}],"predecessor-version":[{"id":9631,"href":"https:\/\/tobiasohmann.de\/en\/wp-json\/wp\/v2\/pages\/9602\/revisions\/9631"}],"wp:attachment":[{"href":"https:\/\/tobiasohmann.de\/en\/wp-json\/wp\/v2\/media?parent=9602"}],"curies":[{"name":"wp","href":"https:\/\/api.w.org\/{rel}","templated":true}]}}